{"id":182,"date":"2025-06-20T16:35:04","date_gmt":"2025-06-20T16:35:04","guid":{"rendered":"https:\/\/academiarevigoraacquasport.com.br\/?page_id=182"},"modified":"2025-06-20T16:42:21","modified_gmt":"2025-06-20T16:42:21","slug":"contato","status":"publish","type":"page","link":"https:\/\/academiarevigoraacquasport.com.br\/index.php\/contato\/","title":{"rendered":"Contato"},"content":{"rendered":"\t\t<div data-elementor-type=\"wp-page\" data-elementor-id=\"182\" class=\"elementor elementor-182\">\n\t\t\t\t<div class=\"elementor-element elementor-element-893a032 e-con-full elementor-hidden-mobile e-flex e-con e-parent\" data-id=\"893a032\" data-element_type=\"container\" data-settings=\"{&quot;background_background&quot;:&quot;classic&quot;}\">\n\t\t\t\t<div class=\"elementor-element elementor-element-e3531d6 elementor-widget elementor-widget-spacer\" data-id=\"e3531d6\" data-element_type=\"widget\" data-widget_type=\"spacer.default\">\n\t\t\t\t<div class=\"elementor-widget-container\">\n\t\t\t\t\t\t\t<div class=\"elementor-spacer\">\n\t\t\t<div class=\"elementor-spacer-inner\"><\/div>\n\t\t<\/div>\n\t\t\t\t\t\t<\/div>\n\t\t\t\t<\/div>\n\t\t\t\t<div class=\"elementor-element elementor-element-e3bf691 elementor-widget elementor-widget-heading\" data-id=\"e3bf691\" data-element_type=\"widget\" data-widget_type=\"heading.default\">\n\t\t\t\t<div class=\"elementor-widget-container\">\n\t\t\t\t\t<h2 class=\"elementor-heading-title elementor-size-default\">Contato<\/h2>\t\t\t\t<\/div>\n\t\t\t\t<\/div>\n\t\t\t\t<div class=\"elementor-element elementor-element-a5fbdf4 elementor-widget elementor-widget-spacer\" data-id=\"a5fbdf4\" data-element_type=\"widget\" data-widget_type=\"spacer.default\">\n\t\t\t\t<div class=\"elementor-widget-container\">\n\t\t\t\t\t\t\t<div class=\"elementor-spacer\">\n\t\t\t<div class=\"elementor-spacer-inner\"><\/div>\n\t\t<\/div>\n\t\t\t\t\t\t<\/div>\n\t\t\t\t<\/div>\n\t\t\t\t<\/div>\n\t\t<div class=\"elementor-element elementor-element-e0a7267 e-con-full elementor-hidden-desktop elementor-hidden-tablet e-flex e-con e-parent\" data-id=\"e0a7267\" data-element_type=\"container\" data-settings=\"{&quot;background_background&quot;:&quot;classic&quot;}\">\n\t\t\t\t<div class=\"elementor-element elementor-element-3e68b50 elementor-widget elementor-widget-spacer\" data-id=\"3e68b50\" data-element_type=\"widget\" data-widget_type=\"spacer.default\">\n\t\t\t\t<div class=\"elementor-widget-container\">\n\t\t\t\t\t\t\t<div class=\"elementor-spacer\">\n\t\t\t<div class=\"elementor-spacer-inner\"><\/div>\n\t\t<\/div>\n\t\t\t\t\t\t<\/div>\n\t\t\t\t<\/div>\n\t\t\t\t<div class=\"elementor-element elementor-element-da637e0 elementor-widget elementor-widget-heading\" data-id=\"da637e0\" data-element_type=\"widget\" data-widget_type=\"heading.default\">\n\t\t\t\t<div class=\"elementor-widget-container\">\n\t\t\t\t\t<h2 class=\"elementor-heading-title elementor-size-default\">Contato<\/h2>\t\t\t\t<\/div>\n\t\t\t\t<\/div>\n\t\t\t\t<div class=\"elementor-element elementor-element-a6b85a8 elementor-widget elementor-widget-spacer\" data-id=\"a6b85a8\" data-element_type=\"widget\" data-widget_type=\"spacer.default\">\n\t\t\t\t<div class=\"elementor-widget-container\">\n\t\t\t\t\t\t\t<div class=\"elementor-spacer\">\n\t\t\t<div class=\"elementor-spacer-inner\"><\/div>\n\t\t<\/div>\n\t\t\t\t\t\t<\/div>\n\t\t\t\t<\/div>\n\t\t\t\t<\/div>\n\t\t<div class=\"elementor-element elementor-element-57f474f e-flex e-con-boxed e-con e-parent\" data-id=\"57f474f\" data-element_type=\"container\" data-settings=\"{&quot;background_background&quot;:&quot;classic&quot;}\">\n\t\t\t\t\t<div class=\"e-con-inner\">\n\t\t<div class=\"elementor-element elementor-element-86de657 e-con-full e-flex e-con e-child\" data-id=\"86de657\" data-element_type=\"container\">\n\t\t\t\t<div class=\"elementor-element elementor-element-b774f4c elementor-widget elementor-widget-spacer\" data-id=\"b774f4c\" data-element_type=\"widget\" data-widget_type=\"spacer.default\">\n\t\t\t\t<div class=\"elementor-widget-container\">\n\t\t\t\t\t\t\t<div class=\"elementor-spacer\">\n\t\t\t<div class=\"elementor-spacer-inner\"><\/div>\n\t\t<\/div>\n\t\t\t\t\t\t<\/div>\n\t\t\t\t<\/div>\n\t\t\t\t<div class=\"elementor-element elementor-element-5c8fb0d elementor-widget elementor-widget-heading\" data-id=\"5c8fb0d\" data-element_type=\"widget\" data-widget_type=\"heading.default\">\n\t\t\t\t<div class=\"elementor-widget-container\">\n\t\t\t\t\t<h2 class=\"elementor-heading-title elementor-size-default\">Fale Conosco!<\/h2>\t\t\t\t<\/div>\n\t\t\t\t<\/div>\n\t\t\t\t<div class=\"elementor-element elementor-element-a4fa4c9 elementor-widget elementor-widget-text-editor\" data-id=\"a4fa4c9\" data-element_type=\"widget\" data-widget_type=\"text-editor.default\">\n\t\t\t\t<div class=\"elementor-widget-container\">\n\t\t\t\t\t\t\t\t\t<p class=\"txt-vermelho titulo-footer\"><strong>ONDE ESTAMOS: <\/strong><\/p><p class=\"p1\">R. Em\u00edlio do Lago, 51 &#8211; Jardim Vila Formosa<br \/>S\u00e3o Paulo<br \/>CEP: 03470-090- SP<\/p><p class=\"txt-vermelho titulo-footer\"><strong>CONTATO:<\/strong><\/p><p class=\"info-footer\">Recep\u00e7\u00e3o: (11) 2783-8079<\/p><p class=\"info-footer\"><br \/>e-mail: contato@academiarevigoraacquasport.com.br<\/p><p class=\"txt-vermelho titulo-footer\"><strong>HOR\u00c1RIOS DE FUNCIONAMENTO<\/strong><\/p><p class=\"info-footer\"><strong>Seg-Sex:<\/strong> 06:00 \u00e0s 22:00h<\/p><p class=\"info-footer\">S\u00e1b: 08:00 \u00e0s 14:00h<\/p>\t\t\t\t\t\t\t\t<\/div>\n\t\t\t\t<\/div>\n\t\t\t\t<div class=\"elementor-element elementor-element-955018d elementor-widget elementor-widget-spacer\" data-id=\"955018d\" data-element_type=\"widget\" data-widget_type=\"spacer.default\">\n\t\t\t\t<div class=\"elementor-widget-container\">\n\t\t\t\t\t\t\t<div class=\"elementor-spacer\">\n\t\t\t<div class=\"elementor-spacer-inner\"><\/div>\n\t\t<\/div>\n\t\t\t\t\t\t<\/div>\n\t\t\t\t<\/div>\n\t\t\t\t<\/div>\n\t\t<div class=\"elementor-element elementor-element-96b8074 e-con-full e-flex e-con e-child\" data-id=\"96b8074\" data-element_type=\"container\">\n\t\t\t\t<div class=\"elementor-element elementor-element-57cc9ca elementor-widget elementor-widget-image\" data-id=\"57cc9ca\" data-element_type=\"widget\" data-widget_type=\"image.default\">\n\t\t\t\t<div class=\"elementor-widget-container\">\n\t\t\t\t\t\t\t\t\t\t\t\t\t\t\t<img fetchpriority=\"high\" decoding=\"async\" width=\"800\" height=\"800\" src=\"https:\/\/academiarevigoraacquasport.com.br\/wp-content\/uploads\/2025\/06\/2148785582.jpg\" class=\"attachment-large size-large wp-image-188\" alt=\"\" srcset=\"https:\/\/academiarevigoraacquasport.com.br\/wp-content\/uploads\/2025\/06\/2148785582.jpg 1000w, https:\/\/academiarevigoraacquasport.com.br\/wp-content\/uploads\/2025\/06\/2148785582-300x300.jpg 300w, https:\/\/academiarevigoraacquasport.com.br\/wp-content\/uploads\/2025\/06\/2148785582-150x150.jpg 150w, https:\/\/academiarevigoraacquasport.com.br\/wp-content\/uploads\/2025\/06\/2148785582-768x768.jpg 768w\" sizes=\"(max-width: 800px) 100vw, 800px\" \/>\t\t\t\t\t\t\t\t\t\t\t\t\t\t\t<\/div>\n\t\t\t\t<\/div>\n\t\t\t\t<\/div>\n\t\t\t\t\t<\/div>\n\t\t\t\t<\/div>\n\t\t\t\t<\/div>\n\t\t","protected":false},"excerpt":{"rendered":"<p>Contato Contato Fale Conosco! ONDE ESTAMOS: R. Em\u00edlio do Lago, 51 &#8211; Jardim Vila FormosaS\u00e3o PauloCEP: 03470-090- SP CONTATO: Recep\u00e7\u00e3o: (11) 2783-8079 e-mail: contato@academiarevigoraacquasport.com.br HOR\u00c1RIOS DE FUNCIONAMENTO Seg-Sex: 06:00 \u00e0s 22:00h S\u00e1b: 08:00 \u00e0s 14:00h<\/p>\n","protected":false},"author":1,"featured_media":0,"parent":0,"menu_order":0,"comment_status":"closed","ping_status":"closed","template":"elementor_header_footer","meta":{"footnotes":""},"class_list":["post-182","page","type-page","status-publish","hentry"],"_links":{"self":[{"href":"https:\/\/academiarevigoraacquasport.com.br\/index.php\/wp-json\/wp\/v2\/pages\/182","targetHints":{"allow":["GET"]}}],"collection":[{"href":"https:\/\/academiarevigoraacquasport.com.br\/index.php\/wp-json\/wp\/v2\/pages"}],"about":[{"href":"https:\/\/academiarevigoraacquasport.com.br\/index.php\/wp-json\/wp\/v2\/types\/page"}],"author":[{"embeddable":true,"href":"https:\/\/academiarevigoraacquasport.com.br\/index.php\/wp-json\/wp\/v2\/users\/1"}],"replies":[{"embeddable":true,"href":"https:\/\/academiarevigoraacquasport.com.br\/index.php\/wp-json\/wp\/v2\/comments?post=182"}],"version-history":[{"count":7,"href":"https:\/\/academiarevigoraacquasport.com.br\/index.php\/wp-json\/wp\/v2\/pages\/182\/revisions"}],"predecessor-version":[{"id":191,"href":"https:\/\/academiarevigoraacquasport.com.br\/index.php\/wp-json\/wp\/v2\/pages\/182\/revisions\/191"}],"wp:attachment":[{"href":"https:\/\/academiarevigoraacquasport.com.br\/index.php\/wp-json\/wp\/v2\/media?parent=182"}],"curies":[{"name":"wp","href":"https:\/\/api.w.org\/{rel}","templated":true}]}}