{"id":299,"date":"2025-06-21T13:21:31","date_gmt":"2025-06-21T13:21:31","guid":{"rendered":"https:\/\/academiarevigoraacquasport.com.br\/?page_id=299"},"modified":"2025-06-21T13:23:25","modified_gmt":"2025-06-21T13:23:25","slug":"alongamento","status":"publish","type":"page","link":"https:\/\/academiarevigoraacquasport.com.br\/index.php\/alongamento\/","title":{"rendered":"Alongamento"},"content":{"rendered":"\t\t<div data-elementor-type=\"wp-page\" data-elementor-id=\"299\" class=\"elementor elementor-299\">\n\t\t\t\t<div class=\"elementor-element elementor-element-893a032 e-con-full elementor-hidden-mobile e-flex e-con e-parent\" data-id=\"893a032\" data-element_type=\"container\" data-settings=\"{&quot;background_background&quot;:&quot;classic&quot;}\">\n\t\t\t\t<div class=\"elementor-element elementor-element-e3531d6 elementor-widget elementor-widget-spacer\" data-id=\"e3531d6\" data-element_type=\"widget\" data-widget_type=\"spacer.default\">\n\t\t\t\t<div class=\"elementor-widget-container\">\n\t\t\t\t\t\t\t<div class=\"elementor-spacer\">\n\t\t\t<div class=\"elementor-spacer-inner\"><\/div>\n\t\t<\/div>\n\t\t\t\t\t\t<\/div>\n\t\t\t\t<\/div>\n\t\t\t\t<div class=\"elementor-element elementor-element-e3bf691 elementor-widget elementor-widget-heading\" data-id=\"e3bf691\" data-element_type=\"widget\" data-widget_type=\"heading.default\">\n\t\t\t\t<div class=\"elementor-widget-container\">\n\t\t\t\t\t<h2 class=\"elementor-heading-title elementor-size-default\">Modalidades<\/h2>\t\t\t\t<\/div>\n\t\t\t\t<\/div>\n\t\t\t\t<div class=\"elementor-element elementor-element-a5fbdf4 elementor-widget elementor-widget-spacer\" data-id=\"a5fbdf4\" data-element_type=\"widget\" data-widget_type=\"spacer.default\">\n\t\t\t\t<div class=\"elementor-widget-container\">\n\t\t\t\t\t\t\t<div class=\"elementor-spacer\">\n\t\t\t<div class=\"elementor-spacer-inner\"><\/div>\n\t\t<\/div>\n\t\t\t\t\t\t<\/div>\n\t\t\t\t<\/div>\n\t\t\t\t<\/div>\n\t\t<div class=\"elementor-element elementor-element-e0a7267 e-con-full elementor-hidden-desktop elementor-hidden-tablet e-flex e-con e-parent\" data-id=\"e0a7267\" data-element_type=\"container\" data-settings=\"{&quot;background_background&quot;:&quot;classic&quot;}\">\n\t\t\t\t<div class=\"elementor-element elementor-element-3e68b50 elementor-widget elementor-widget-spacer\" data-id=\"3e68b50\" data-element_type=\"widget\" data-widget_type=\"spacer.default\">\n\t\t\t\t<div class=\"elementor-widget-container\">\n\t\t\t\t\t\t\t<div class=\"elementor-spacer\">\n\t\t\t<div class=\"elementor-spacer-inner\"><\/div>\n\t\t<\/div>\n\t\t\t\t\t\t<\/div>\n\t\t\t\t<\/div>\n\t\t\t\t<div class=\"elementor-element elementor-element-da637e0 elementor-widget elementor-widget-heading\" data-id=\"da637e0\" data-element_type=\"widget\" data-widget_type=\"heading.default\">\n\t\t\t\t<div class=\"elementor-widget-container\">\n\t\t\t\t\t<h2 class=\"elementor-heading-title elementor-size-default\">Modalidades<\/h2>\t\t\t\t<\/div>\n\t\t\t\t<\/div>\n\t\t\t\t<div class=\"elementor-element elementor-element-a6b85a8 elementor-widget elementor-widget-spacer\" data-id=\"a6b85a8\" data-element_type=\"widget\" data-widget_type=\"spacer.default\">\n\t\t\t\t<div class=\"elementor-widget-container\">\n\t\t\t\t\t\t\t<div class=\"elementor-spacer\">\n\t\t\t<div class=\"elementor-spacer-inner\"><\/div>\n\t\t<\/div>\n\t\t\t\t\t\t<\/div>\n\t\t\t\t<\/div>\n\t\t\t\t<\/div>\n\t\t<div class=\"elementor-element elementor-element-f3c96d1 e-flex e-con-boxed e-con e-parent\" data-id=\"f3c96d1\" data-element_type=\"container\" data-settings=\"{&quot;background_background&quot;:&quot;classic&quot;}\">\n\t\t\t\t\t<div class=\"e-con-inner\">\n\t\t<div class=\"elementor-element elementor-element-ad516c5 e-con-full e-flex e-con e-child\" data-id=\"ad516c5\" data-element_type=\"container\">\n\t\t\t\t<div class=\"elementor-element elementor-element-861b0db elementor-widget elementor-widget-spacer\" data-id=\"861b0db\" data-element_type=\"widget\" data-widget_type=\"spacer.default\">\n\t\t\t\t<div class=\"elementor-widget-container\">\n\t\t\t\t\t\t\t<div class=\"elementor-spacer\">\n\t\t\t<div class=\"elementor-spacer-inner\"><\/div>\n\t\t<\/div>\n\t\t\t\t\t\t<\/div>\n\t\t\t\t<\/div>\n\t\t\t\t<div class=\"elementor-element elementor-element-52fa80f elementor-widget elementor-widget-heading\" data-id=\"52fa80f\" data-element_type=\"widget\" data-widget_type=\"heading.default\">\n\t\t\t\t<div class=\"elementor-widget-container\">\n\t\t\t\t\t<h2 class=\"elementor-heading-title elementor-size-default\">Alongamento<\/h2>\t\t\t\t<\/div>\n\t\t\t\t<\/div>\n\t\t\t\t<div class=\"elementor-element elementor-element-0a4c69b elementor-widget elementor-widget-text-editor\" data-id=\"0a4c69b\" data-element_type=\"widget\" data-widget_type=\"text-editor.default\">\n\t\t\t\t<div class=\"elementor-widget-container\">\n\t\t\t\t\t\t\t\t\t<p data-start=\"68\" data-end=\"320\"><strong data-start=\"68\" data-end=\"132\">Alongue-se, respire e sinta o corpo mais leve e equilibrado.<\/strong><br data-start=\"132\" data-end=\"135\" \/>A aula de Alongamento trabalha a flexibilidade, a postura e o al\u00edvio das tens\u00f5es musculares com movimentos suaves e controlados, ideais para todas as idades e n\u00edveis de condicionamento.<\/p><p data-start=\"322\" data-end=\"485\">Mais do que um momento de pausa, \u00e9 um cuidado essencial com o corpo e a mente. A cada sess\u00e3o, voc\u00ea sente mais mobilidade, relaxamento e bem-estar para o dia a dia.<\/p><p data-start=\"487\" data-end=\"602\"><strong data-start=\"487\" data-end=\"529\">Melhora da flexibilidade e da postura:<\/strong><br data-start=\"529\" data-end=\"532\" \/>Aumenta a amplitude dos movimentos e corrige desequil\u00edbrios corporais.<\/p><p data-start=\"604\" data-end=\"713\"><strong data-start=\"604\" data-end=\"645\">Al\u00edvio de tens\u00f5es e dores musculares:<\/strong><br data-start=\"645\" data-end=\"648\" \/>Reduz rigidez, melhora a circula\u00e7\u00e3o e promove sensa\u00e7\u00e3o de leveza.<\/p><p data-start=\"715\" data-end=\"824\"><strong data-start=\"715\" data-end=\"751\">Mais equil\u00edbrio f\u00edsico e mental:<\/strong><br data-start=\"751\" data-end=\"754\" \/>Favorece a respira\u00e7\u00e3o, reduz o estresse e melhora a qualidade do sono.<\/p>\t\t\t\t\t\t\t\t<\/div>\n\t\t\t\t<\/div>\n\t\t\t\t<div class=\"elementor-element elementor-element-b0c8b7d elementor-widget elementor-widget-heading\" data-id=\"b0c8b7d\" data-element_type=\"widget\" data-widget_type=\"heading.default\">\n\t\t\t\t<div class=\"elementor-widget-container\">\n\t\t\t\t\t<h2 class=\"elementor-heading-title elementor-size-default\">Sua melhor vers\u00e3o est\u00e1 aqui!<\/h2>\t\t\t\t<\/div>\n\t\t\t\t<\/div>\n\t\t\t\t<\/div>\n\t\t<div class=\"elementor-element elementor-element-12c8e95 e-con-full e-flex e-con e-child\" data-id=\"12c8e95\" data-element_type=\"container\">\n\t\t\t\t<div class=\"elementor-element elementor-element-2565eb0 elementor-widget elementor-widget-image\" data-id=\"2565eb0\" data-element_type=\"widget\" data-widget_type=\"image.default\">\n\t\t\t\t<div class=\"elementor-widget-container\">\n\t\t\t\t\t\t\t\t\t\t\t\t\t\t\t\t<a href=\"#freepass\">\n\t\t\t\t\t\t\t<img fetchpriority=\"high\" decoding=\"async\" width=\"494\" height=\"600\" src=\"https:\/\/academiarevigoraacquasport.com.br\/wp-content\/uploads\/2025\/06\/alongamento.png\" class=\"attachment-full size-full wp-image-125\" alt=\"\" srcset=\"https:\/\/academiarevigoraacquasport.com.br\/wp-content\/uploads\/2025\/06\/alongamento.png 494w, https:\/\/academiarevigoraacquasport.com.br\/wp-content\/uploads\/2025\/06\/alongamento-247x300.png 247w\" sizes=\"(max-width: 494px) 100vw, 494px\" \/>\t\t\t\t\t\t\t\t<\/a>\n\t\t\t\t\t\t\t\t\t\t\t\t\t\t\t<\/div>\n\t\t\t\t<\/div>\n\t\t\t\t<\/div>\n\t\t\t\t\t<\/div>\n\t\t\t\t<\/div>\n\t\t<div class=\"elementor-element elementor-element-96656dd e-flex e-con-boxed e-con e-parent\" data-id=\"96656dd\" data-element_type=\"container\" data-settings=\"{&quot;background_background&quot;:&quot;classic&quot;}\">\n\t\t\t\t\t<div class=\"e-con-inner\">\n\t\t\t\t<div class=\"elementor-element elementor-element-fb017ec elementor-widget elementor-widget-menu-anchor\" data-id=\"fb017ec\" data-element_type=\"widget\" data-widget_type=\"menu-anchor.default\">\n\t\t\t\t<div class=\"elementor-widget-container\">\n\t\t\t\t\t\t\t<div class=\"elementor-menu-anchor\" id=\"freepass\"><\/div>\n\t\t\t\t\t\t<\/div>\n\t\t\t\t<\/div>\n\t\t\t\t<div class=\"elementor-element elementor-element-ab239af elementor-widget elementor-widget-html\" data-id=\"ab239af\" data-element_type=\"widget\" data-widget_type=\"html.default\">\n\t\t\t\t<div class=\"elementor-widget-container\">\n\t\t\t\t\t<iframe\n    src=\"https:\/\/api.leadconnectorhq.com\/widget\/form\/SNwyNsIdyCVV0nsN077h\"\n    style=\"width:100%;height:100%;border:none;border-radius:4px\"\n    id=\"inline-SNwyNsIdyCVV0nsN077h\" \n    data-layout=\"{'id':'INLINE'}\"\n    data-trigger-type=\"alwaysShow\"\n    data-trigger-value=\"\"\n    data-activation-type=\"alwaysActivated\"\n    data-activation-value=\"\"\n    data-deactivation-type=\"neverDeactivate\"\n    data-deactivation-value=\"\"\n    data-form-name=\"Formul\u00e1rio (Site) Revigora AcquaSports\"\n    data-height=\"823\"\n    data-layout-iframe-id=\"inline-SNwyNsIdyCVV0nsN077h\"\n    data-form-id=\"SNwyNsIdyCVV0nsN077h\"\n    title=\"Formul\u00e1rio (Site) Revigora AcquaSports\"\n        >\n<\/iframe>\n<script src=\"https:\/\/link.msgsndr.com\/js\/form_embed.js\"><\/script>\t\t\t\t<\/div>\n\t\t\t\t<\/div>\n\t\t\t\t\t<\/div>\n\t\t\t\t<\/div>\n\t\t<div class=\"elementor-element elementor-element-3725913 e-con-full e-flex e-con e-parent\" data-id=\"3725913\" data-element_type=\"container\" data-settings=\"{&quot;background_background&quot;:&quot;classic&quot;}\">\n\t\t\t\t<div class=\"elementor-element elementor-element-d22cc1f gallery-spacing-custom elementor-widget__width-inherit elementor-widget elementor-widget-image-gallery\" data-id=\"d22cc1f\" data-element_type=\"widget\" data-widget_type=\"image-gallery.default\">\n\t\t\t\t<div class=\"elementor-widget-container\">\n\t\t\t\t\t\t\t<div class=\"elementor-image-gallery\">\n\t\t\t<div id='gallery-1' class='gallery galleryid-299 gallery-columns-3 gallery-size-full'><figure class='gallery-item'>\n\t\t\t<div class='gallery-icon landscape'>\n\t\t\t\t<a data-elementor-open-lightbox=\"yes\" data-elementor-lightbox-slideshow=\"d22cc1f\" data-elementor-lightbox-title=\"01_hover\" data-e-action-hash=\"#elementor-action%3Aaction%3Dlightbox%26settings%3DeyJpZCI6MTUwLCJ1cmwiOiJodHRwczpcL1wvYWNhZGVtaWFyZXZpZ29yYWFjcXVhc3BvcnQuY29tLmJyXC93cC1jb250ZW50XC91cGxvYWRzXC8yMDI1XC8wNlwvMDFfaG92ZXIuanBnIiwic2xpZGVzaG93IjoiZDIyY2MxZiJ9\" href='https:\/\/academiarevigoraacquasport.com.br\/wp-content\/uploads\/2025\/06\/01_hover.jpg'><img decoding=\"async\" width=\"1200\" height=\"800\" src=\"https:\/\/academiarevigoraacquasport.com.br\/wp-content\/uploads\/2025\/06\/01_hover.jpg\" class=\"attachment-full size-full\" alt=\"\" srcset=\"https:\/\/academiarevigoraacquasport.com.br\/wp-content\/uploads\/2025\/06\/01_hover.jpg 1200w, https:\/\/academiarevigoraacquasport.com.br\/wp-content\/uploads\/2025\/06\/01_hover-300x200.jpg 300w, https:\/\/academiarevigoraacquasport.com.br\/wp-content\/uploads\/2025\/06\/01_hover-1024x683.jpg 1024w, https:\/\/academiarevigoraacquasport.com.br\/wp-content\/uploads\/2025\/06\/01_hover-768x512.jpg 768w\" sizes=\"(max-width: 1200px) 100vw, 1200px\" \/><\/a>\n\t\t\t<\/div><\/figure><figure class='gallery-item'>\n\t\t\t<div class='gallery-icon landscape'>\n\t\t\t\t<a data-elementor-open-lightbox=\"yes\" data-elementor-lightbox-slideshow=\"d22cc1f\" data-elementor-lightbox-title=\"02_hover\" data-e-action-hash=\"#elementor-action%3Aaction%3Dlightbox%26settings%3DeyJpZCI6MTUxLCJ1cmwiOiJodHRwczpcL1wvYWNhZGVtaWFyZXZpZ29yYWFjcXVhc3BvcnQuY29tLmJyXC93cC1jb250ZW50XC91cGxvYWRzXC8yMDI1XC8wNlwvMDJfaG92ZXIuanBnIiwic2xpZGVzaG93IjoiZDIyY2MxZiJ9\" href='https:\/\/academiarevigoraacquasport.com.br\/wp-content\/uploads\/2025\/06\/02_hover.jpg'><img decoding=\"async\" width=\"1200\" height=\"800\" src=\"https:\/\/academiarevigoraacquasport.com.br\/wp-content\/uploads\/2025\/06\/02_hover.jpg\" class=\"attachment-full size-full\" alt=\"\" srcset=\"https:\/\/academiarevigoraacquasport.com.br\/wp-content\/uploads\/2025\/06\/02_hover.jpg 1200w, https:\/\/academiarevigoraacquasport.com.br\/wp-content\/uploads\/2025\/06\/02_hover-300x200.jpg 300w, https:\/\/academiarevigoraacquasport.com.br\/wp-content\/uploads\/2025\/06\/02_hover-1024x683.jpg 1024w, https:\/\/academiarevigoraacquasport.com.br\/wp-content\/uploads\/2025\/06\/02_hover-768x512.jpg 768w\" sizes=\"(max-width: 1200px) 100vw, 1200px\" \/><\/a>\n\t\t\t<\/div><\/figure><figure class='gallery-item'>\n\t\t\t<div class='gallery-icon landscape'>\n\t\t\t\t<a data-elementor-open-lightbox=\"yes\" data-elementor-lightbox-slideshow=\"d22cc1f\" data-elementor-lightbox-title=\"03_hover\" data-e-action-hash=\"#elementor-action%3Aaction%3Dlightbox%26settings%3DeyJpZCI6MTUyLCJ1cmwiOiJodHRwczpcL1wvYWNhZGVtaWFyZXZpZ29yYWFjcXVhc3BvcnQuY29tLmJyXC93cC1jb250ZW50XC91cGxvYWRzXC8yMDI1XC8wNlwvMDNfaG92ZXIuanBnIiwic2xpZGVzaG93IjoiZDIyY2MxZiJ9\" href='https:\/\/academiarevigoraacquasport.com.br\/wp-content\/uploads\/2025\/06\/03_hover.jpg'><img loading=\"lazy\" decoding=\"async\" width=\"1200\" height=\"800\" src=\"https:\/\/academiarevigoraacquasport.com.br\/wp-content\/uploads\/2025\/06\/03_hover.jpg\" class=\"attachment-full size-full\" alt=\"\" srcset=\"https:\/\/academiarevigoraacquasport.com.br\/wp-content\/uploads\/2025\/06\/03_hover.jpg 1200w, https:\/\/academiarevigoraacquasport.com.br\/wp-content\/uploads\/2025\/06\/03_hover-300x200.jpg 300w, https:\/\/academiarevigoraacquasport.com.br\/wp-content\/uploads\/2025\/06\/03_hover-1024x683.jpg 1024w, https:\/\/academiarevigoraacquasport.com.br\/wp-content\/uploads\/2025\/06\/03_hover-768x512.jpg 768w\" sizes=\"(max-width: 1200px) 100vw, 1200px\" \/><\/a>\n\t\t\t<\/div><\/figure><figure class='gallery-item'>\n\t\t\t<div class='gallery-icon landscape'>\n\t\t\t\t<a data-elementor-open-lightbox=\"yes\" data-elementor-lightbox-slideshow=\"d22cc1f\" data-elementor-lightbox-title=\"04_hover\" data-e-action-hash=\"#elementor-action%3Aaction%3Dlightbox%26settings%3DeyJpZCI6MTUzLCJ1cmwiOiJodHRwczpcL1wvYWNhZGVtaWFyZXZpZ29yYWFjcXVhc3BvcnQuY29tLmJyXC93cC1jb250ZW50XC91cGxvYWRzXC8yMDI1XC8wNlwvMDRfaG92ZXIuanBnIiwic2xpZGVzaG93IjoiZDIyY2MxZiJ9\" href='https:\/\/academiarevigoraacquasport.com.br\/wp-content\/uploads\/2025\/06\/04_hover.jpg'><img loading=\"lazy\" decoding=\"async\" width=\"1200\" height=\"800\" src=\"https:\/\/academiarevigoraacquasport.com.br\/wp-content\/uploads\/2025\/06\/04_hover.jpg\" class=\"attachment-full size-full\" alt=\"\" srcset=\"https:\/\/academiarevigoraacquasport.com.br\/wp-content\/uploads\/2025\/06\/04_hover.jpg 1200w, https:\/\/academiarevigoraacquasport.com.br\/wp-content\/uploads\/2025\/06\/04_hover-300x200.jpg 300w, https:\/\/academiarevigoraacquasport.com.br\/wp-content\/uploads\/2025\/06\/04_hover-1024x683.jpg 1024w, https:\/\/academiarevigoraacquasport.com.br\/wp-content\/uploads\/2025\/06\/04_hover-768x512.jpg 768w\" sizes=\"(max-width: 1200px) 100vw, 1200px\" \/><\/a>\n\t\t\t<\/div><\/figure><figure class='gallery-item'>\n\t\t\t<div class='gallery-icon landscape'>\n\t\t\t\t<a data-elementor-open-lightbox=\"yes\" data-elementor-lightbox-slideshow=\"d22cc1f\" data-elementor-lightbox-title=\"05_hover\" data-e-action-hash=\"#elementor-action%3Aaction%3Dlightbox%26settings%3DeyJpZCI6MTU0LCJ1cmwiOiJodHRwczpcL1wvYWNhZGVtaWFyZXZpZ29yYWFjcXVhc3BvcnQuY29tLmJyXC93cC1jb250ZW50XC91cGxvYWRzXC8yMDI1XC8wNlwvMDVfaG92ZXIuanBnIiwic2xpZGVzaG93IjoiZDIyY2MxZiJ9\" href='https:\/\/academiarevigoraacquasport.com.br\/wp-content\/uploads\/2025\/06\/05_hover.jpg'><img loading=\"lazy\" decoding=\"async\" width=\"1200\" height=\"800\" src=\"https:\/\/academiarevigoraacquasport.com.br\/wp-content\/uploads\/2025\/06\/05_hover.jpg\" class=\"attachment-full size-full\" alt=\"\" srcset=\"https:\/\/academiarevigoraacquasport.com.br\/wp-content\/uploads\/2025\/06\/05_hover.jpg 1200w, https:\/\/academiarevigoraacquasport.com.br\/wp-content\/uploads\/2025\/06\/05_hover-300x200.jpg 300w, https:\/\/academiarevigoraacquasport.com.br\/wp-content\/uploads\/2025\/06\/05_hover-1024x683.jpg 1024w, https:\/\/academiarevigoraacquasport.com.br\/wp-content\/uploads\/2025\/06\/05_hover-768x512.jpg 768w\" sizes=\"(max-width: 1200px) 100vw, 1200px\" \/><\/a>\n\t\t\t<\/div><\/figure><figure class='gallery-item'>\n\t\t\t<div class='gallery-icon landscape'>\n\t\t\t\t<a data-elementor-open-lightbox=\"yes\" data-elementor-lightbox-slideshow=\"d22cc1f\" data-elementor-lightbox-title=\"06_hover\" data-e-action-hash=\"#elementor-action%3Aaction%3Dlightbox%26settings%3DeyJpZCI6MTU2LCJ1cmwiOiJodHRwczpcL1wvYWNhZGVtaWFyZXZpZ29yYWFjcXVhc3BvcnQuY29tLmJyXC93cC1jb250ZW50XC91cGxvYWRzXC8yMDI1XC8wNlwvMDZfaG92ZXIuanBnIiwic2xpZGVzaG93IjoiZDIyY2MxZiJ9\" href='https:\/\/academiarevigoraacquasport.com.br\/wp-content\/uploads\/2025\/06\/06_hover.jpg'><img loading=\"lazy\" decoding=\"async\" width=\"1200\" height=\"800\" src=\"https:\/\/academiarevigoraacquasport.com.br\/wp-content\/uploads\/2025\/06\/06_hover.jpg\" class=\"attachment-full size-full\" alt=\"\" srcset=\"https:\/\/academiarevigoraacquasport.com.br\/wp-content\/uploads\/2025\/06\/06_hover.jpg 1200w, https:\/\/academiarevigoraacquasport.com.br\/wp-content\/uploads\/2025\/06\/06_hover-300x200.jpg 300w, https:\/\/academiarevigoraacquasport.com.br\/wp-content\/uploads\/2025\/06\/06_hover-1024x683.jpg 1024w, https:\/\/academiarevigoraacquasport.com.br\/wp-content\/uploads\/2025\/06\/06_hover-768x512.jpg 768w\" sizes=\"(max-width: 1200px) 100vw, 1200px\" \/><\/a>\n\t\t\t<\/div><\/figure>\n\t\t<\/div>\n\t\t<\/div>\n\t\t\t\t\t\t<\/div>\n\t\t\t\t<\/div>\n\t\t\t\t<\/div>\n\t\t\t\t<\/div>\n\t\t","protected":false},"excerpt":{"rendered":"<p>Modalidades Modalidades Alongamento Alongue-se, respire e sinta o corpo mais leve e equilibrado.A aula de Alongamento trabalha a flexibilidade, a postura e o al\u00edvio das tens\u00f5es musculares com movimentos suaves e controlados, ideais para todas as idades e n\u00edveis de condicionamento. Mais do que um momento de pausa, \u00e9 um cuidado essencial com o corpo [&hellip;]<\/p>\n","protected":false},"author":1,"featured_media":0,"parent":0,"menu_order":0,"comment_status":"closed","ping_status":"closed","template":"elementor_header_footer","meta":{"footnotes":""},"class_list":["post-299","page","type-page","status-publish","hentry"],"_links":{"self":[{"href":"https:\/\/academiarevigoraacquasport.com.br\/index.php\/wp-json\/wp\/v2\/pages\/299","targetHints":{"allow":["GET"]}}],"collection":[{"href":"https:\/\/academiarevigoraacquasport.com.br\/index.php\/wp-json\/wp\/v2\/pages"}],"about":[{"href":"https:\/\/academiarevigoraacquasport.com.br\/index.php\/wp-json\/wp\/v2\/types\/page"}],"author":[{"embeddable":true,"href":"https:\/\/academiarevigoraacquasport.com.br\/index.php\/wp-json\/wp\/v2\/users\/1"}],"replies":[{"embeddable":true,"href":"https:\/\/academiarevigoraacquasport.com.br\/index.php\/wp-json\/wp\/v2\/comments?post=299"}],"version-history":[{"count":4,"href":"https:\/\/academiarevigoraacquasport.com.br\/index.php\/wp-json\/wp\/v2\/pages\/299\/revisions"}],"predecessor-version":[{"id":305,"href":"https:\/\/academiarevigoraacquasport.com.br\/index.php\/wp-json\/wp\/v2\/pages\/299\/revisions\/305"}],"wp:attachment":[{"href":"https:\/\/academiarevigoraacquasport.com.br\/index.php\/wp-json\/wp\/v2\/media?parent=299"}],"curies":[{"name":"wp","href":"https:\/\/api.w.org\/{rel}","templated":true}]}}